{"id":400,"date":"2025-03-10T19:11:17","date_gmt":"2025-03-10T18:11:17","guid":{"rendered":"https:\/\/beachbarautoshow.sk\/?page_id=400"},"modified":"2026-03-16T19:42:59","modified_gmt":"2026-03-16T18:42:59","slug":"elementor-stranka-400","status":"publish","type":"page","link":"https:\/\/beachbarautoshow.sk\/?page_id=400","title":{"rendered":"Partner"},"content":{"rendered":"\t\t<div data-elementor-type=\"wp-page\" data-elementor-id=\"400\" class=\"elementor elementor-400\" data-elementor-post-type=\"page\">\n\t\t\t\t<div class=\"elementor-element elementor-element-1da28df e-flex e-con-boxed e-con e-parent\" data-id=\"1da28df\" data-element_type=\"container\" data-core-v316-plus=\"true\">\n\t\t\t\t\t<div class=\"e-con-inner\">\n\t\t\t\t<div class=\"elementor-element elementor-element-2186be6 elementor-widget elementor-widget-heading\" data-id=\"2186be6\" data-element_type=\"widget\" data-widget_type=\"heading.default\">\n\t\t\t\t<div class=\"elementor-widget-container\">\n\t\t\t<style>\/*! elementor - v3.20.0 - 11-03-2024 *\/\n.elementor-heading-title{padding:0;margin:0;line-height:1}.elementor-widget-heading .elementor-heading-title[class*=elementor-size-]>a{color:inherit;font-size:inherit;line-height:inherit}.elementor-widget-heading .elementor-heading-title.elementor-size-small{font-size:15px}.elementor-widget-heading .elementor-heading-title.elementor-size-medium{font-size:19px}.elementor-widget-heading .elementor-heading-title.elementor-size-large{font-size:29px}.elementor-widget-heading .elementor-heading-title.elementor-size-xl{font-size:39px}.elementor-widget-heading .elementor-heading-title.elementor-size-xxl{font-size:59px}<\/style><h2 class=\"elementor-heading-title elementor-size-default\">Chcem by\u0165 partner<\/h2>\t\t<\/div>\n\t\t\t\t<\/div>\n\t\t\t\t\t<\/div>\n\t\t\t\t<\/div>\n\t\t<div class=\"elementor-element elementor-element-7fbcce8 e-flex e-con-boxed e-con e-parent\" data-id=\"7fbcce8\" data-element_type=\"container\" data-core-v316-plus=\"true\">\n\t\t\t\t\t<div class=\"e-con-inner\">\n\t\t<div class=\"elementor-element elementor-element-009868b e-con-full e-flex e-con e-child\" data-id=\"009868b\" data-element_type=\"container\">\n\t\t\t\t<div class=\"elementor-element elementor-element-800cbb6 elementor-widget elementor-widget-spacer\" data-id=\"800cbb6\" data-element_type=\"widget\" data-widget_type=\"spacer.default\">\n\t\t\t\t<div class=\"elementor-widget-container\">\n\t\t\t<style>\/*! elementor - v3.20.0 - 11-03-2024 *\/\n.elementor-column .elementor-spacer-inner{height:var(--spacer-size)}.e-con{--container-widget-width:100%}.e-con-inner>.elementor-widget-spacer,.e-con>.elementor-widget-spacer{width:var(--container-widget-width,var(--spacer-size));--align-self:var(--container-widget-align-self,initial);--flex-shrink:0}.e-con-inner>.elementor-widget-spacer>.elementor-widget-container,.e-con>.elementor-widget-spacer>.elementor-widget-container{height:100%;width:100%}.e-con-inner>.elementor-widget-spacer>.elementor-widget-container>.elementor-spacer,.e-con>.elementor-widget-spacer>.elementor-widget-container>.elementor-spacer{height:100%}.e-con-inner>.elementor-widget-spacer>.elementor-widget-container>.elementor-spacer>.elementor-spacer-inner,.e-con>.elementor-widget-spacer>.elementor-widget-container>.elementor-spacer>.elementor-spacer-inner{height:var(--container-widget-height,var(--spacer-size))}.e-con-inner>.elementor-widget-spacer.elementor-widget-empty,.e-con>.elementor-widget-spacer.elementor-widget-empty{position:relative;min-height:22px;min-width:22px}.e-con-inner>.elementor-widget-spacer.elementor-widget-empty .elementor-widget-empty-icon,.e-con>.elementor-widget-spacer.elementor-widget-empty .elementor-widget-empty-icon{position:absolute;top:0;bottom:0;left:0;right:0;margin:auto;padding:0;width:22px;height:22px}<\/style>\t\t<div class=\"elementor-spacer\">\n\t\t\t<div class=\"elementor-spacer-inner\"><\/div>\n\t\t<\/div>\n\t\t\t\t<\/div>\n\t\t\t\t<\/div>\n\t\t\t\t<div class=\"elementor-element elementor-element-eee0d7b elementor-widget elementor-widget-text-editor\" data-id=\"eee0d7b\" data-element_type=\"widget\" data-widget_type=\"text-editor.default\">\n\t\t\t\t<div class=\"elementor-widget-container\">\n\t\t\t<style>\/*! elementor - v3.20.0 - 11-03-2024 *\/\n.elementor-widget-text-editor.elementor-drop-cap-view-stacked .elementor-drop-cap{background-color:#69727d;color:#fff}.elementor-widget-text-editor.elementor-drop-cap-view-framed .elementor-drop-cap{color:#69727d;border:3px solid;background-color:transparent}.elementor-widget-text-editor:not(.elementor-drop-cap-view-default) .elementor-drop-cap{margin-top:8px}.elementor-widget-text-editor:not(.elementor-drop-cap-view-default) .elementor-drop-cap-letter{width:1em;height:1em}.elementor-widget-text-editor .elementor-drop-cap{float:left;text-align:center;line-height:1;font-size:50px}.elementor-widget-text-editor .elementor-drop-cap-letter{display:inline-block}<\/style>\t\t\t\t<p><b>Bu\u010fte s\u00fa\u010das\u0165ou najv\u00e4\u010d\u0161ej automobilovej show<\/b> na Slovensku a z\u00edskajte jedine\u010dn\u00fa pr\u00edle\u017eitos\u0165 zvidite\u013eni\u0165 svoju zna\u010dku pred tis\u00edckami nad\u0161en\u00fdch n\u00e1v\u0161tevn\u00edkov.<\/p><p><i>\u2714 Exkluz\u00edvna prezent\u00e1cia va\u0161ej zna\u010dky <\/i><\/p><p><i>\u2714 <\/i><i>Priamy kontakt s cie\u013eovou skupinou <\/i><\/p><p><i>\u2714 Siln\u00e1 medi\u00e1lna a online vidite\u013enos\u0165<\/i><\/p><p>\u00a0<b>Chcete vedie\u0165 viac?<\/b> Stiahnite si na\u0161u partnersk\u00fa prezent\u00e1ciu a zistite v\u0161etky detaily spolupr\u00e1ce!<\/p>\t\t\t\t\t\t<\/div>\n\t\t\t\t<\/div>\n\t\t\t\t<div class=\"elementor-element elementor-element-f7f4b11 elementor-widget elementor-widget-button\" data-id=\"f7f4b11\" data-element_type=\"widget\" data-widget_type=\"button.default\">\n\t\t\t\t<div class=\"elementor-widget-container\">\n\t\t\t\t\t<div class=\"elementor-button-wrapper\">\n\t\t\t<a class=\"elementor-button elementor-button-link elementor-size-sm\" href=\"https:\/\/drive.google.com\/file\/d\/1oI9wA2_RWREzJY2VrrN9UE5luWyQ_ihh\/view?usp=sharing\">\n\t\t\t\t\t\t<span class=\"elementor-button-content-wrapper\">\n\t\t\t\t\t\t<span class=\"elementor-button-text\">Stiahnu\u0165 prezent\u00e1ciu<\/span>\n\t\t<\/span>\n\t\t\t\t\t<\/a>\n\t\t<\/div>\n\t\t\t\t<\/div>\n\t\t\t\t<\/div>\n\t\t\t\t<\/div>\n\t\t<div class=\"elementor-element elementor-element-0c026ae e-con-full e-flex e-con e-child\" data-id=\"0c026ae\" data-element_type=\"container\">\n\t\t\t\t<div class=\"elementor-element elementor-element-dbe306d elementor-widget elementor-widget-spacer\" data-id=\"dbe306d\" data-element_type=\"widget\" data-widget_type=\"spacer.default\">\n\t\t\t\t<div class=\"elementor-widget-container\">\n\t\t\t\t\t<div class=\"elementor-spacer\">\n\t\t\t<div class=\"elementor-spacer-inner\"><\/div>\n\t\t<\/div>\n\t\t\t\t<\/div>\n\t\t\t\t<\/div>\n\t\t\t\t<div class=\"elementor-element elementor-element-9fad377 elementor-arrows-position-outside elementor-pagination-position-outside elementor-widget elementor-widget-image-carousel\" data-id=\"9fad377\" data-element_type=\"widget\" data-settings=\"{&quot;slides_to_show&quot;:&quot;1&quot;,&quot;navigation&quot;:&quot;both&quot;,&quot;autoplay&quot;:&quot;yes&quot;,&quot;pause_on_hover&quot;:&quot;yes&quot;,&quot;pause_on_interaction&quot;:&quot;yes&quot;,&quot;autoplay_speed&quot;:5000,&quot;infinite&quot;:&quot;yes&quot;,&quot;effect&quot;:&quot;slide&quot;,&quot;speed&quot;:500}\" data-widget_type=\"image-carousel.default\">\n\t\t\t\t<div class=\"elementor-widget-container\">\n\t\t\t<style>\/*! elementor - v3.20.0 - 11-03-2024 *\/\n.elementor-widget-image-carousel .swiper,.elementor-widget-image-carousel .swiper-container{position:static}.elementor-widget-image-carousel .swiper-container .swiper-slide figure,.elementor-widget-image-carousel .swiper .swiper-slide figure{line-height:inherit}.elementor-widget-image-carousel .swiper-slide{text-align:center}.elementor-image-carousel-wrapper:not(.swiper-container-initialized):not(.swiper-initialized) .swiper-slide{max-width:calc(100% \/ var(--e-image-carousel-slides-to-show, 3))}<\/style>\t\t<div class=\"elementor-image-carousel-wrapper swiper\" dir=\"ltr\">\n\t\t\t<div class=\"elementor-image-carousel swiper-wrapper\" aria-live=\"off\">\n\t\t\t\t\t\t\t\t<div class=\"swiper-slide\" role=\"group\" aria-roledescription=\"slide\" aria-label=\"1 of 12\"><figure class=\"swiper-slide-inner\"><img decoding=\"async\" class=\"swiper-slide-image\" src=\"https:\/\/beachbarautoshow.sk\/wp-content\/uploads\/2025\/03\/peter-sala-02312-768x1152.jpg\" alt=\"peter-sala-02312\" \/><\/figure><\/div><div class=\"swiper-slide\" role=\"group\" aria-roledescription=\"slide\" aria-label=\"2 of 12\"><figure class=\"swiper-slide-inner\"><img decoding=\"async\" class=\"swiper-slide-image\" src=\"https:\/\/beachbarautoshow.sk\/wp-content\/uploads\/2025\/03\/peter-sala-02309-768x1152.jpg\" alt=\"peter-sala-02309\" \/><\/figure><\/div><div class=\"swiper-slide\" role=\"group\" aria-roledescription=\"slide\" aria-label=\"3 of 12\"><figure class=\"swiper-slide-inner\"><img decoding=\"async\" class=\"swiper-slide-image\" src=\"https:\/\/beachbarautoshow.sk\/wp-content\/uploads\/2025\/03\/peter-sala-02336-768x1152.jpg\" alt=\"peter-sala-02336\" \/><\/figure><\/div><div class=\"swiper-slide\" role=\"group\" aria-roledescription=\"slide\" aria-label=\"4 of 12\"><figure class=\"swiper-slide-inner\"><img decoding=\"async\" class=\"swiper-slide-image\" src=\"https:\/\/beachbarautoshow.sk\/wp-content\/uploads\/2025\/03\/peter-sala-02425-768x1152.jpg\" alt=\"peter-sala-02425\" \/><\/figure><\/div><div class=\"swiper-slide\" role=\"group\" aria-roledescription=\"slide\" aria-label=\"5 of 12\"><figure class=\"swiper-slide-inner\"><img decoding=\"async\" class=\"swiper-slide-image\" src=\"https:\/\/beachbarautoshow.sk\/wp-content\/uploads\/2025\/03\/peter-sala-02766-768x1152.webp\" alt=\"peter-sala-02766\" \/><\/figure><\/div><div class=\"swiper-slide\" role=\"group\" aria-roledescription=\"slide\" aria-label=\"6 of 12\"><figure class=\"swiper-slide-inner\"><img decoding=\"async\" class=\"swiper-slide-image\" src=\"https:\/\/beachbarautoshow.sk\/wp-content\/uploads\/2025\/03\/peter-sala-02770-768x1152.jpg\" alt=\"peter-sala-02770\" \/><\/figure><\/div><div class=\"swiper-slide\" role=\"group\" aria-roledescription=\"slide\" aria-label=\"7 of 12\"><figure class=\"swiper-slide-inner\"><img decoding=\"async\" class=\"swiper-slide-image\" src=\"https:\/\/beachbarautoshow.sk\/wp-content\/uploads\/2025\/03\/peter-sala-02606-768x1152.webp\" alt=\"peter-sala-02606\" \/><\/figure><\/div><div class=\"swiper-slide\" role=\"group\" aria-roledescription=\"slide\" aria-label=\"8 of 12\"><figure class=\"swiper-slide-inner\"><img decoding=\"async\" class=\"swiper-slide-image\" src=\"https:\/\/beachbarautoshow.sk\/wp-content\/uploads\/2025\/03\/peter-sala-02618-768x1152.webp\" alt=\"peter-sala-02618\" \/><\/figure><\/div><div class=\"swiper-slide\" role=\"group\" aria-roledescription=\"slide\" aria-label=\"9 of 12\"><figure class=\"swiper-slide-inner\"><img decoding=\"async\" class=\"swiper-slide-image\" src=\"https:\/\/beachbarautoshow.sk\/wp-content\/uploads\/2025\/03\/peter-sala-02620-768x1152.jpg\" alt=\"peter-sala-02620\" \/><\/figure><\/div><div class=\"swiper-slide\" role=\"group\" aria-roledescription=\"slide\" aria-label=\"10 of 12\"><figure class=\"swiper-slide-inner\"><img decoding=\"async\" class=\"swiper-slide-image\" src=\"https:\/\/beachbarautoshow.sk\/wp-content\/uploads\/2025\/03\/peter-sala-02412-768x1152.jpg\" alt=\"peter-sala-02412\" \/><\/figure><\/div><div class=\"swiper-slide\" role=\"group\" aria-roledescription=\"slide\" aria-label=\"11 of 12\"><figure class=\"swiper-slide-inner\"><img decoding=\"async\" class=\"swiper-slide-image\" src=\"https:\/\/beachbarautoshow.sk\/wp-content\/uploads\/2025\/03\/peter-sala-02416-768x1152.jpg\" alt=\"peter-sala-02416\" \/><\/figure><\/div><div class=\"swiper-slide\" role=\"group\" aria-roledescription=\"slide\" aria-label=\"12 of 12\"><figure class=\"swiper-slide-inner\"><img decoding=\"async\" class=\"swiper-slide-image\" src=\"https:\/\/beachbarautoshow.sk\/wp-content\/uploads\/2025\/03\/peter-sala-02667-768x1152.jpg\" alt=\"peter-sala-02667\" \/><\/figure><\/div>\t\t\t<\/div>\n\t\t\t\t\t\t\t\t\t\t\t\t<div class=\"elementor-swiper-button elementor-swiper-button-prev\" role=\"button\" tabindex=\"0\">\n\t\t\t\t\t\t<svg aria-hidden=\"true\" class=\"e-font-icon-svg e-eicon-chevron-left\" viewBox=\"0 0 1000 1000\" xmlns=\"http:\/\/www.w3.org\/2000\/svg\"><path d=\"M646 125C629 125 613 133 604 142L308 442C296 454 292 471 292 487 292 504 296 521 308 533L604 854C617 867 629 875 646 875 663 875 679 871 692 858 704 846 713 829 713 812 713 796 708 779 692 767L438 487 692 225C700 217 708 204 708 187 708 171 704 154 692 142 675 129 663 125 646 125Z\"><\/path><\/svg>\t\t\t\t\t<\/div>\n\t\t\t\t\t<div class=\"elementor-swiper-button elementor-swiper-button-next\" role=\"button\" tabindex=\"0\">\n\t\t\t\t\t\t<svg aria-hidden=\"true\" class=\"e-font-icon-svg e-eicon-chevron-right\" viewBox=\"0 0 1000 1000\" xmlns=\"http:\/\/www.w3.org\/2000\/svg\"><path d=\"M696 533C708 521 713 504 713 487 713 471 708 454 696 446L400 146C388 133 375 125 354 125 338 125 325 129 313 142 300 154 292 171 292 187 292 204 296 221 308 233L563 492 304 771C292 783 288 800 288 817 288 833 296 850 308 863 321 871 338 875 354 875 371 875 388 867 400 854L696 533Z\"><\/path><\/svg>\t\t\t\t\t<\/div>\n\t\t\t\t\n\t\t\t\t\t\t\t\t\t<div class=\"swiper-pagination\"><\/div>\n\t\t\t\t\t\t\t\t\t<\/div>\n\t\t\t\t<\/div>\n\t\t\t\t<\/div>\n\t\t\t\t<\/div>\n\t\t\t\t\t<\/div>\n\t\t\t\t<\/div>\n\t\t<div class=\"elementor-element elementor-element-bb87c73 e-flex e-con-boxed e-con e-parent\" data-id=\"bb87c73\" data-element_type=\"container\" data-core-v316-plus=\"true\">\n\t\t\t\t\t<div class=\"e-con-inner\">\n\t\t\t\t<div class=\"elementor-element elementor-element-afb8730 elementor-widget elementor-widget-heading\" data-id=\"afb8730\" data-element_type=\"widget\" data-widget_type=\"heading.default\">\n\t\t\t\t<div class=\"elementor-widget-container\">\n\t\t\t<h2 class=\"elementor-heading-title elementor-size-default\">Pre viac inform\u00e1ci\u00ed n\u00e1s kontaktujte na <br>tancar@beachbarautoshow.sk<br>alebo<br>jendrassak@beachbarautoshow.sk<\/h2>\t\t<\/div>\n\t\t\t\t<\/div>\n\t\t\t\t\t<\/div>\n\t\t\t\t<\/div>\n\t\t<div class=\"elementor-element elementor-element-2b63a2e e-flex e-con-boxed e-con e-parent\" data-id=\"2b63a2e\" data-element_type=\"container\" data-core-v316-plus=\"true\">\n\t\t\t\t\t<div class=\"e-con-inner\">\n\t\t\t\t<div class=\"elementor-element elementor-element-9c4e1f9 elementor-widget elementor-widget-spacer\" data-id=\"9c4e1f9\" data-element_type=\"widget\" data-widget_type=\"spacer.default\">\n\t\t\t\t<div class=\"elementor-widget-container\">\n\t\t\t\t\t<div class=\"elementor-spacer\">\n\t\t\t<div class=\"elementor-spacer-inner\"><\/div>\n\t\t<\/div>\n\t\t\t\t<\/div>\n\t\t\t\t<\/div>\n\t\t\t\t\t<\/div>\n\t\t\t\t<\/div>\n\t\t\t\t<\/div>\n\t\t","protected":false},"excerpt":{"rendered":"<p>Chcem by\u0165 partner Bu\u010fte s\u00fa\u010das\u0165ou najv\u00e4\u010d\u0161ej automobilovej show na Slovensku a z\u00edskajte jedine\u010dn\u00fa pr\u00edle\u017eitos\u0165 zvidite\u013eni\u0165 svoju zna\u010dku pred tis\u00edckami nad\u0161en\u00fdch n\u00e1v\u0161tevn\u00edkov. \u2714 Exkluz\u00edvna prezent\u00e1cia va\u0161ej zna\u010dky \u2714 Priamy kontakt s cie\u013eovou skupinou \u2714 Siln\u00e1 medi\u00e1lna a online vidite\u013enos\u0165 \u00a0Chcete vedie\u0165 viac? Stiahnite si na\u0161u partnersk\u00fa prezent\u00e1ciu a zistite v\u0161etky detaily spolupr\u00e1ce! Stiahnu\u0165 prezent\u00e1ciu Pre viac [&hellip;]<\/p>\n","protected":false},"author":1,"featured_media":0,"parent":0,"menu_order":0,"comment_status":"closed","ping_status":"closed","template":"","meta":{"footnotes":""},"class_list":["post-400","page","type-page","status-publish","hentry"],"yoast_head":"<!-- This site is optimized with the Yoast SEO plugin v26.8 - https:\/\/yoast.com\/product\/yoast-seo-wordpress\/ -->\n<title>Partner - Beachbar Autoshow 2026<\/title>\n<meta name=\"robots\" content=\"index, follow, max-snippet:-1, max-image-preview:large, max-video-preview:-1\" \/>\n<link rel=\"canonical\" href=\"https:\/\/beachbarautoshow.sk\/?page_id=400\" \/>\n<meta property=\"og:locale\" content=\"sk_SK\" \/>\n<meta property=\"og:type\" content=\"article\" \/>\n<meta property=\"og:title\" content=\"Partner - Beachbar Autoshow 2026\" \/>\n<meta property=\"og:description\" content=\"Chcem by\u0165 partner Bu\u010fte s\u00fa\u010das\u0165ou najv\u00e4\u010d\u0161ej automobilovej show na Slovensku a z\u00edskajte jedine\u010dn\u00fa pr\u00edle\u017eitos\u0165 zvidite\u013eni\u0165 svoju zna\u010dku pred tis\u00edckami nad\u0161en\u00fdch n\u00e1v\u0161tevn\u00edkov. \u2714 Exkluz\u00edvna prezent\u00e1cia va\u0161ej zna\u010dky \u2714 Priamy kontakt s cie\u013eovou skupinou \u2714 Siln\u00e1 medi\u00e1lna a online vidite\u013enos\u0165 \u00a0Chcete vedie\u0165 viac? Stiahnite si na\u0161u partnersk\u00fa prezent\u00e1ciu a zistite v\u0161etky detaily spolupr\u00e1ce! Stiahnu\u0165 prezent\u00e1ciu Pre viac [&hellip;]\" \/>\n<meta property=\"og:url\" content=\"https:\/\/beachbarautoshow.sk\/?page_id=400\" \/>\n<meta property=\"og:site_name\" content=\"Beachbar Autoshow 2026\" \/>\n<meta property=\"article:modified_time\" content=\"2026-03-16T18:42:59+00:00\" \/>\n<meta property=\"og:image\" content=\"https:\/\/beachbarautoshow.sk\/wp-content\/uploads\/2025\/03\/peter-sala-02312-768x1152.jpg\" \/>\n<meta name=\"twitter:card\" content=\"summary_large_image\" \/>\n<meta name=\"twitter:label1\" content=\"Predpokladan\u00fd \u010das \u010d\u00edtania\" \/>\n\t<meta name=\"twitter:data1\" content=\"4 min\u00faty\" \/>\n<script type=\"application\/ld+json\" class=\"yoast-schema-graph\">{\"@context\":\"https:\/\/schema.org\",\"@graph\":[{\"@type\":\"WebPage\",\"@id\":\"https:\/\/beachbarautoshow.sk\/?page_id=400\",\"url\":\"https:\/\/beachbarautoshow.sk\/?page_id=400\",\"name\":\"Partner - Beachbar Autoshow 2026\",\"isPartOf\":{\"@id\":\"https:\/\/beachbarautoshow.sk\/#website\"},\"primaryImageOfPage\":{\"@id\":\"https:\/\/beachbarautoshow.sk\/?page_id=400#primaryimage\"},\"image\":{\"@id\":\"https:\/\/beachbarautoshow.sk\/?page_id=400#primaryimage\"},\"thumbnailUrl\":\"https:\/\/beachbarautoshow.sk\/wp-content\/uploads\/2025\/03\/peter-sala-02312-768x1152.jpg\",\"datePublished\":\"2025-03-10T18:11:17+00:00\",\"dateModified\":\"2026-03-16T18:42:59+00:00\",\"breadcrumb\":{\"@id\":\"https:\/\/beachbarautoshow.sk\/?page_id=400#breadcrumb\"},\"inLanguage\":\"sk-SK\",\"potentialAction\":[{\"@type\":\"ReadAction\",\"target\":[\"https:\/\/beachbarautoshow.sk\/?page_id=400\"]}]},{\"@type\":\"ImageObject\",\"inLanguage\":\"sk-SK\",\"@id\":\"https:\/\/beachbarautoshow.sk\/?page_id=400#primaryimage\",\"url\":\"https:\/\/beachbarautoshow.sk\/wp-content\/uploads\/2025\/03\/peter-sala-02312-scaled.jpg\",\"contentUrl\":\"https:\/\/beachbarautoshow.sk\/wp-content\/uploads\/2025\/03\/peter-sala-02312-scaled.jpg\",\"width\":1707,\"height\":2560},{\"@type\":\"BreadcrumbList\",\"@id\":\"https:\/\/beachbarautoshow.sk\/?page_id=400#breadcrumb\",\"itemListElement\":[{\"@type\":\"ListItem\",\"position\":1,\"name\":\"Home\",\"item\":\"https:\/\/beachbarautoshow.sk\/\"},{\"@type\":\"ListItem\",\"position\":2,\"name\":\"Partner\"}]},{\"@type\":\"WebSite\",\"@id\":\"https:\/\/beachbarautoshow.sk\/#website\",\"url\":\"https:\/\/beachbarautoshow.sk\/\",\"name\":\"Beachbar Autoshow 2026\",\"description\":\"Join the Excitement: Experience the Fun of Slovakia&#039;s Supercar Event, Where Speed Meets Style!\",\"publisher\":{\"@id\":\"https:\/\/beachbarautoshow.sk\/#organization\"},\"potentialAction\":[{\"@type\":\"SearchAction\",\"target\":{\"@type\":\"EntryPoint\",\"urlTemplate\":\"https:\/\/beachbarautoshow.sk\/?s={search_term_string}\"},\"query-input\":{\"@type\":\"PropertyValueSpecification\",\"valueRequired\":true,\"valueName\":\"search_term_string\"}}],\"inLanguage\":\"sk-SK\"},{\"@type\":\"Organization\",\"@id\":\"https:\/\/beachbarautoshow.sk\/#organization\",\"name\":\"Beachbar Autoshow 2026\",\"url\":\"https:\/\/beachbarautoshow.sk\/\",\"logo\":{\"@type\":\"ImageObject\",\"inLanguage\":\"sk-SK\",\"@id\":\"https:\/\/beachbarautoshow.sk\/#\/schema\/logo\/image\/\",\"url\":\"https:\/\/beachbarautoshow.sk\/wp-content\/uploads\/2025\/01\/sitelogo.webp\",\"contentUrl\":\"https:\/\/beachbarautoshow.sk\/wp-content\/uploads\/2025\/01\/sitelogo.webp\",\"width\":350,\"height\":100,\"caption\":\"Beachbar Autoshow 2026\"},\"image\":{\"@id\":\"https:\/\/beachbarautoshow.sk\/#\/schema\/logo\/image\/\"}}]}<\/script>\n<!-- \/ Yoast SEO plugin. -->","yoast_head_json":{"title":"Partner - Beachbar Autoshow 2026","robots":{"index":"index","follow":"follow","max-snippet":"max-snippet:-1","max-image-preview":"max-image-preview:large","max-video-preview":"max-video-preview:-1"},"canonical":"https:\/\/beachbarautoshow.sk\/?page_id=400","og_locale":"sk_SK","og_type":"article","og_title":"Partner - Beachbar Autoshow 2026","og_description":"Chcem by\u0165 partner Bu\u010fte s\u00fa\u010das\u0165ou najv\u00e4\u010d\u0161ej automobilovej show na Slovensku a z\u00edskajte jedine\u010dn\u00fa pr\u00edle\u017eitos\u0165 zvidite\u013eni\u0165 svoju zna\u010dku pred tis\u00edckami nad\u0161en\u00fdch n\u00e1v\u0161tevn\u00edkov. \u2714 Exkluz\u00edvna prezent\u00e1cia va\u0161ej zna\u010dky \u2714 Priamy kontakt s cie\u013eovou skupinou \u2714 Siln\u00e1 medi\u00e1lna a online vidite\u013enos\u0165 \u00a0Chcete vedie\u0165 viac? Stiahnite si na\u0161u partnersk\u00fa prezent\u00e1ciu a zistite v\u0161etky detaily spolupr\u00e1ce! Stiahnu\u0165 prezent\u00e1ciu Pre viac [&hellip;]","og_url":"https:\/\/beachbarautoshow.sk\/?page_id=400","og_site_name":"Beachbar Autoshow 2026","article_modified_time":"2026-03-16T18:42:59+00:00","og_image":[{"url":"https:\/\/beachbarautoshow.sk\/wp-content\/uploads\/2025\/03\/peter-sala-02312-768x1152.jpg","type":"","width":"","height":""}],"twitter_card":"summary_large_image","twitter_misc":{"Predpokladan\u00fd \u010das \u010d\u00edtania":"4 min\u00faty"},"schema":{"@context":"https:\/\/schema.org","@graph":[{"@type":"WebPage","@id":"https:\/\/beachbarautoshow.sk\/?page_id=400","url":"https:\/\/beachbarautoshow.sk\/?page_id=400","name":"Partner - Beachbar Autoshow 2026","isPartOf":{"@id":"https:\/\/beachbarautoshow.sk\/#website"},"primaryImageOfPage":{"@id":"https:\/\/beachbarautoshow.sk\/?page_id=400#primaryimage"},"image":{"@id":"https:\/\/beachbarautoshow.sk\/?page_id=400#primaryimage"},"thumbnailUrl":"https:\/\/beachbarautoshow.sk\/wp-content\/uploads\/2025\/03\/peter-sala-02312-768x1152.jpg","datePublished":"2025-03-10T18:11:17+00:00","dateModified":"2026-03-16T18:42:59+00:00","breadcrumb":{"@id":"https:\/\/beachbarautoshow.sk\/?page_id=400#breadcrumb"},"inLanguage":"sk-SK","potentialAction":[{"@type":"ReadAction","target":["https:\/\/beachbarautoshow.sk\/?page_id=400"]}]},{"@type":"ImageObject","inLanguage":"sk-SK","@id":"https:\/\/beachbarautoshow.sk\/?page_id=400#primaryimage","url":"https:\/\/beachbarautoshow.sk\/wp-content\/uploads\/2025\/03\/peter-sala-02312-scaled.jpg","contentUrl":"https:\/\/beachbarautoshow.sk\/wp-content\/uploads\/2025\/03\/peter-sala-02312-scaled.jpg","width":1707,"height":2560},{"@type":"BreadcrumbList","@id":"https:\/\/beachbarautoshow.sk\/?page_id=400#breadcrumb","itemListElement":[{"@type":"ListItem","position":1,"name":"Home","item":"https:\/\/beachbarautoshow.sk\/"},{"@type":"ListItem","position":2,"name":"Partner"}]},{"@type":"WebSite","@id":"https:\/\/beachbarautoshow.sk\/#website","url":"https:\/\/beachbarautoshow.sk\/","name":"Beachbar Autoshow 2026","description":"Join the Excitement: Experience the Fun of Slovakia&#039;s Supercar Event, Where Speed Meets Style!","publisher":{"@id":"https:\/\/beachbarautoshow.sk\/#organization"},"potentialAction":[{"@type":"SearchAction","target":{"@type":"EntryPoint","urlTemplate":"https:\/\/beachbarautoshow.sk\/?s={search_term_string}"},"query-input":{"@type":"PropertyValueSpecification","valueRequired":true,"valueName":"search_term_string"}}],"inLanguage":"sk-SK"},{"@type":"Organization","@id":"https:\/\/beachbarautoshow.sk\/#organization","name":"Beachbar Autoshow 2026","url":"https:\/\/beachbarautoshow.sk\/","logo":{"@type":"ImageObject","inLanguage":"sk-SK","@id":"https:\/\/beachbarautoshow.sk\/#\/schema\/logo\/image\/","url":"https:\/\/beachbarautoshow.sk\/wp-content\/uploads\/2025\/01\/sitelogo.webp","contentUrl":"https:\/\/beachbarautoshow.sk\/wp-content\/uploads\/2025\/01\/sitelogo.webp","width":350,"height":100,"caption":"Beachbar Autoshow 2026"},"image":{"@id":"https:\/\/beachbarautoshow.sk\/#\/schema\/logo\/image\/"}}]}},"_links":{"self":[{"href":"https:\/\/beachbarautoshow.sk\/index.php?rest_route=\/wp\/v2\/pages\/400","targetHints":{"allow":["GET"]}}],"collection":[{"href":"https:\/\/beachbarautoshow.sk\/index.php?rest_route=\/wp\/v2\/pages"}],"about":[{"href":"https:\/\/beachbarautoshow.sk\/index.php?rest_route=\/wp\/v2\/types\/page"}],"author":[{"embeddable":true,"href":"https:\/\/beachbarautoshow.sk\/index.php?rest_route=\/wp\/v2\/users\/1"}],"replies":[{"embeddable":true,"href":"https:\/\/beachbarautoshow.sk\/index.php?rest_route=%2Fwp%2Fv2%2Fcomments&post=400"}],"version-history":[{"count":6,"href":"https:\/\/beachbarautoshow.sk\/index.php?rest_route=\/wp\/v2\/pages\/400\/revisions"}],"predecessor-version":[{"id":800,"href":"https:\/\/beachbarautoshow.sk\/index.php?rest_route=\/wp\/v2\/pages\/400\/revisions\/800"}],"wp:attachment":[{"href":"https:\/\/beachbarautoshow.sk\/index.php?rest_route=%2Fwp%2Fv2%2Fmedia&parent=400"}],"curies":[{"name":"wp","href":"https:\/\/api.w.org\/{rel}","templated":true}]}}